{"id":2912,"date":"2024-02-29T09:46:37","date_gmt":"2024-02-29T09:46:37","guid":{"rendered":"https:\/\/mirarihotel.hr\/rooftop\/"},"modified":"2026-04-10T07:48:35","modified_gmt":"2026-04-10T07:48:35","slug":"rooftop","status":"publish","type":"page","link":"https:\/\/mirarihotel.hr\/hr\/rooftop\/","title":{"rendered":"Rooftop"},"content":{"rendered":"<div class=\"wpb-content-wrapper\"><p>[vc_row full_width=&#8221;stretch_row_content_no_spaces&#8221; bg_type=&#8221;image&#8221; parallax_style=&#8221;vcpb-default&#8221; bg_image_new=&#8221;id^2536|url^https:\/\/mirarihotel.hr\/wp-content\/uploads\/2024\/03\/DJI_0268_DxO_ivanisevicivan.com-1.webp|caption^null|alt^null|title^DJI_0268_DxO_ivanisevicivan.com (1)|description^null&#8221; bg_image_repeat=&#8221;no-repeat&#8221; parallax_content=&#8221;parallax_content_value&#8221; parallax_content_sense=&#8221;1.5&#8243; css=&#8221;.vc_custom_1709741122991{margin-top: -40px !important;margin-bottom: 50px !important;padding-top: 300px !important;padding-bottom: 230px !important;}&#8221; el_class=&#8221;page_head&#8221;][vc_column offset=&#8221;vc_hidden-xs&#8221;]<div id=\"ultimate-heading-528569e0f6932f67e\" class=\"uvc-heading ult-adjust-bottom-margin ultimate-heading-528569e0f6932f67e uvc-816 page_title uvc-heading-default-font-sizes\" data-hspacer=\"no_spacer\"  data-halign=\"center\" style=\"text-align:center\"><div class=\"uvc-heading-spacer no_spacer\" style=\"top\"><\/div><div class=\"uvc-main-heading ult-responsive\"  data-ultimate-target='.uvc-heading.ultimate-heading-528569e0f6932f67e h1'  data-responsive-json-new='{\"font-size\":\"\",\"line-height\":\"\"}' ><h1 style=\"--font-weight:theme;color:#ffffff;\">Mirari Rooftop<\/h1><\/div><\/div>[\/vc_column][\/vc_row][vc_row][vc_column width=&#8221;1\/6&#8243;][\/vc_column][vc_column width=&#8221;2\/3&#8243;]<div id=\"ultimate-heading-967669e0f6932f6f8\" class=\"uvc-heading ult-adjust-bottom-margin ultimate-heading-967669e0f6932f6f8 uvc-1117  uvc-heading-default-font-sizes\" data-hspacer=\"no_spacer\"  data-halign=\"left\" style=\"text-align:left\"><div class=\"uvc-heading-spacer no_spacer\" style=\"top\"><\/div><div class=\"uvc-main-heading ult-responsive\"  data-ultimate-target='.uvc-heading.ultimate-heading-967669e0f6932f6f8 h2'  data-responsive-json-new='{\"font-size\":\"\",\"line-height\":\"\"}' ><h2 style=\"--font-weight:theme;margin-bottom:30px;\">Mirari Rooftop Pool<\/h2><\/div><\/div>[vc_column_text css=&#8221;&#8221;]<span style=\"font-weight: 400;\">Zavirite u raj usred grada na Mirari Rooftop, lokaciji koja pru\u017ea potpuno opu\u0161tanje. Iskusite o\u010daravaju\u0107i panoramski pogled na more iz infinity bazena i bara. Elegantna i ugodna atmosfera savr\u0161ena je za opu\u0161tanje, dok u\u017eivate u laganim zalogajima, zalascima sunca i svjetlima grada. Mirari Rooftop je Va\u0161 ekskluzivan urbani bijeg.<\/span>[\/vc_column_text][vc_empty_space height=&#8221;50px&#8221;][\/vc_column][vc_column width=&#8221;1\/6&#8243;][\/vc_column][\/vc_row][vc_row disable_element=&#8221;yes&#8221;][vc_column width=&#8221;1\/6&#8243;][\/vc_column][vc_column width=&#8221;2\/3&#8243;]<div id=\"ultimate-heading-37369e0f6932f747\" class=\"uvc-heading ult-adjust-bottom-margin ultimate-heading-37369e0f6932f747 uvc-3783  uvc-heading-default-font-sizes\" data-hspacer=\"no_spacer\"  data-halign=\"left\" style=\"text-align:left\"><div class=\"uvc-heading-spacer no_spacer\" style=\"top\"><\/div><div class=\"uvc-main-heading ult-responsive\"  data-ultimate-target='.uvc-heading.ultimate-heading-37369e0f6932f747 h2'  data-responsive-json-new='{\"font-size\":\"\",\"line-height\":\"\"}' ><h2 style=\"--font-weight:theme;margin-bottom:30px;\">Mirari Rooftop Pool &amp; Bar<\/h2><\/div><\/div>[vc_column_text]<span style=\"font-weight: 400;\">Zavirite u raj usred grada na Mirari Rooftop, lokaciji koja pru\u017ea potpuno opu\u0161tanje. Iskusite o\u010daravaju\u0107i panoramski pogled na more iz infinity bazena i bara. Elegantna i ugodna atmosfera savr\u0161ena je za opu\u0161tanje, dok u\u017eivate u ukusnim koktelima i laganim zalogajima, zalascima sunca i svjetlima grada. Mirari Rooftop je Va\u0161 ekskluzivan urbani bijeg.<\/span><\/p>\n<p>&nbsp;<\/p>\n<h4><span style=\"font-weight: 400;\">RADNO VRIJEME I MENI<\/span><\/h4>\n<p>Zbog vremenskih uvjeta, Rooftop Bar je zatvoren do po\u010detka svibnja.[\/vc_column_text][vc_empty_space height=&#8221;50px&#8221;][\/vc_column][vc_column width=&#8221;1\/6&#8243;][\/vc_column][\/vc_row][vc_row full_width=&#8221;stretch_row_content_no_spaces&#8221;][vc_column]<style type=\"text\/css\" data-type=\"the7_shortcodes-inline-css\">.gallery-carousel-shortcode.gallery-carousel-shortcode-id-a26b4c677a4c3650cdbbf6b55183761b.owl-carousel .owl-nav div {\n  width: 56px;\n  height: 56px;\n  border-radius: 0px;\n}\n.dt-arrow-border-on.gallery-carousel-shortcode.gallery-carousel-shortcode-id-a26b4c677a4c3650cdbbf6b55183761b.owl-carousel .owl-nav div:not(:hover):before {\n  border-width: 0px;\n}\n.dt-arrow-hover-border-on.gallery-carousel-shortcode.gallery-carousel-shortcode-id-a26b4c677a4c3650cdbbf6b55183761b.owl-carousel .owl-nav div:hover:after {\n  border-width: 0px;\n}\n.arrows-bg-on.gallery-carousel-shortcode.gallery-carousel-shortcode-id-a26b4c677a4c3650cdbbf6b55183761b.owl-carousel .owl-nav div:before {\n  background: #ffffff;\n  box-shadow: none;\n}\n.arrows-hover-bg-on.gallery-carousel-shortcode.gallery-carousel-shortcode-id-a26b4c677a4c3650cdbbf6b55183761b.owl-carousel .owl-nav div:after {\n  background: #000000;\n  box-shadow: none;\n}\n.gallery-carousel-shortcode.gallery-carousel-shortcode-id-a26b4c677a4c3650cdbbf6b55183761b.owl-carousel .owl-nav div.owl-prev {\n  top: 50%;\n  transform: translateY(calc(-50% + 0px));\n  left: 0px;\n}\n@media all and (-ms-high-contrast: none) {\n  .gallery-carousel-shortcode.gallery-carousel-shortcode-id-a26b4c677a4c3650cdbbf6b55183761b.owl-carousel .owl-nav div.owl-prev {\n    transform: translateY(-50%);\n    margin-top: 0px;\n  }\n}\n.gallery-carousel-shortcode.gallery-carousel-shortcode-id-a26b4c677a4c3650cdbbf6b55183761b.owl-carousel .owl-nav div.owl-prev i {\n  padding: 0px 0px 0px 0px;\n}\n.gallery-carousel-shortcode.gallery-carousel-shortcode-id-a26b4c677a4c3650cdbbf6b55183761b.owl-carousel .owl-nav div.owl-next {\n  top: 50%;\n  transform: translateY(calc(-50% + 0px));\n  right: 0px;\n}\n@media all and (-ms-high-contrast: none) {\n  .gallery-carousel-shortcode.gallery-carousel-shortcode-id-a26b4c677a4c3650cdbbf6b55183761b.owl-carousel .owl-nav div.owl-next {\n    transform: translateY(-50%);\n    margin-top: 0px;\n  }\n}\n.gallery-carousel-shortcode.gallery-carousel-shortcode-id-a26b4c677a4c3650cdbbf6b55183761b.owl-carousel .owl-nav div.owl-next i {\n  padding: 0px 0px 0px 0px;\n}\n.gallery-carousel-shortcode.gallery-carousel-shortcode-id-a26b4c677a4c3650cdbbf6b55183761b.owl-carousel .owl-nav i {\n  font-size: 26px;\n}\n.gallery-carousel-shortcode.gallery-carousel-shortcode-id-a26b4c677a4c3650cdbbf6b55183761b.owl-carousel .owl-nav div:not(:hover) i,\n.gallery-carousel-shortcode.gallery-carousel-shortcode-id-a26b4c677a4c3650cdbbf6b55183761b.owl-carousel .owl-nav div:not(:hover) i:before {\n  color: #0a0a0a;\n  background: none;\n}\n.gallery-carousel-shortcode.gallery-carousel-shortcode-id-a26b4c677a4c3650cdbbf6b55183761b.owl-carousel .owl-nav div:hover i,\n.gallery-carousel-shortcode.gallery-carousel-shortcode-id-a26b4c677a4c3650cdbbf6b55183761b.owl-carousel .owl-nav div:hover i:before {\n  color: rgba(255,255,255,0.75);\n  background: none;\n}\n.gallery-carousel-shortcode.gallery-carousel-shortcode-id-a26b4c677a4c3650cdbbf6b55183761b .owl-dots {\n  top: calc(100% + 20px);\n  left: 50%;\n  transform: translateX(calc(-50% + 0px));\n}\n@media all and (-ms-high-contrast: none) {\n  .gallery-carousel-shortcode.gallery-carousel-shortcode-id-a26b4c677a4c3650cdbbf6b55183761b .owl-dots {\n    transform: translateX(-50%);\n    margin-left: 0px;\n  }\n}\n.gallery-carousel-shortcode.gallery-carousel-shortcode-id-a26b4c677a4c3650cdbbf6b55183761b .owl-dot {\n  width: 10px;\n  height: 10px;\n  margin: 0 8px;\n}\n@media screen and (max-width: 778px) {\n  .gallery-carousel-shortcode.gallery-carousel-shortcode-id-a26b4c677a4c3650cdbbf6b55183761b.hide-arrows .owl-nav a {\n    display: none;\n  }\n}\n@media screen and (max-width: 778px) {\n  .gallery-carousel-shortcode.gallery-carousel-shortcode-id-a26b4c677a4c3650cdbbf6b55183761b.reposition-arrows .owl-nav div.owl-prev {\n    top: 50%;\n    transform: translateY(calc(-50% + 0px));\n    left: 10px;\n  }\n  .gallery-carousel-shortcode.gallery-carousel-shortcode-id-a26b4c677a4c3650cdbbf6b55183761b.reposition-arrows .owl-nav div.owl-next {\n    top: 50%;\n    transform: translateY(calc(-50% + 0px));\n    right: 10px;\n  }\n}\n@media screen and (max-width: 778px) and all and (-ms-high-contrast: none) {\n  .gallery-carousel-shortcode.gallery-carousel-shortcode-id-a26b4c677a4c3650cdbbf6b55183761b.reposition-arrows .owl-nav div.owl-prev {\n    transform: translateY(-50%);\n    margin-top: 0px;\n  }\n}\n@media screen and (max-width: 778px) and all and (-ms-high-contrast: none) {\n  .gallery-carousel-shortcode.gallery-carousel-shortcode-id-a26b4c677a4c3650cdbbf6b55183761b.reposition-arrows .owl-nav div.owl-next {\n    transform: translateY(-50%);\n    margin-top: 0px;\n  }\n}\n.gallery-carousel-shortcode.gallery-carousel-shortcode-id-a26b4c677a4c3650cdbbf6b55183761b figure,\n.gallery-carousel-shortcode.gallery-carousel-shortcode-id-a26b4c677a4c3650cdbbf6b55183761b .rollover,\n.gallery-carousel-shortcode.gallery-carousel-shortcode-id-a26b4c677a4c3650cdbbf6b55183761b img,\n.gallery-carousel-shortcode.gallery-carousel-shortcode-id-a26b4c677a4c3650cdbbf6b55183761b .gallery-rollover {\n  border-radius: 0px;\n}\n.gallery-carousel-shortcode.gallery-carousel-shortcode-id-a26b4c677a4c3650cdbbf6b55183761b.enable-bg-rollover .gallery-rollover {\n  background: -webkit-linear-gradient();\n  background: linear-gradient();\n}\n.gallery-carousel-shortcode.gallery-carousel-shortcode-id-a26b4c677a4c3650cdbbf6b55183761b.enable-img-shadow .owl-stage-outer {\n  padding: 14px 0;\n}\n.gallery-carousel-shortcode.gallery-carousel-shortcode-id-a26b4c677a4c3650cdbbf6b55183761b.enable-bg-rollover.hover-scale figure .rollover:after {\n  background: -webkit-linear-gradient();\n  background: linear-gradient();\n}\n.gallery-carousel-shortcode.gallery-carousel-shortcode-id-a26b4c677a4c3650cdbbf6b55183761b.gallery-shortcode .gallery-zoom-ico {\n  width: 44px;\n  height: 44px;\n  line-height: 44px;\n  border-radius: 100px;\n  margin: -22px 0 0 -22px;\n  border-width: 0px;\n}\n.dt-icon-bg-on.gallery-carousel-shortcode.gallery-carousel-shortcode-id-a26b4c677a4c3650cdbbf6b55183761b.gallery-shortcode .gallery-zoom-ico {\n  background: rgba(255,255,255,0.3);\n  box-shadow: none;\n}\n.gallery-carousel-shortcode.gallery-carousel-shortcode-id-a26b4c677a4c3650cdbbf6b55183761b.gallery-shortcode .gallery-zoom-ico:before,\n.gallery-carousel-shortcode.gallery-carousel-shortcode-id-a26b4c677a4c3650cdbbf6b55183761b.gallery-shortcode .gallery-zoom-ico span {\n  font-size: 32px;\n  line-height: 44px;\n  color: #ffffff;\n  background: none;\n}<\/style><div class=\"owl-carousel gallery-carousel-shortcode gallery-shortcode  dt-gallery-container dt-owl-carousel-call gallery-carousel-shortcode-id-a26b4c677a4c3650cdbbf6b55183761b scale-img enable-bg-rollover meta-info-off bullets-small-dot-stroke hide-arrows dt-icon-bg-off arrows-bg-on arrows-hover-bg-on  hover-fade \" data-scroll-mode=\"1\" data-col-num=\"1\" data-wide-col-num=\"1\" data-laptop-col=\"1\" data-h-tablet-columns-num=\"1\" data-v-tablet-columns-num=\"1\" data-phone-columns-num=\"1\" data-col-gap=\"10\" data-stage-padding=\"230\" data-speed=\"600\" data-autoplay=\"true\" data-autoplay_speed=\"6000\" data-arrows=\"true\" data-bullet=\"true\" data-next-icon=\"icon-ar-023-r\" data-prev-icon=\"icon-ar-023-l\" data-img-shadow-size=\"12px\" data-img-shadow-spread=\"3px\"><div data-post-id=\"2759\" data-date=\"2024-03-06T16:06:02+00:00\" data-name=\"DJI_0268_DxO_ivanisevicivan.com (1)\"><figure class=\"post\"><a href=\"https:\/\/mirarihotel.hr\/wp-content\/uploads\/2024\/03\/DJI_0268_DxO_ivanisevicivan.com-1-1.webp\" class=\"rollover dt-pswp-item layzr-bg\" data-large_image_width=\"1200\" data-large_image_height=\"800\" data-dt-img-description=\"\" title=\"DJI_0268_DxO_ivanisevicivan.com (1)\"><img fetchpriority=\"high\" decoding=\"async\" class=\"preload-me owl-lazy-load aspect\" src=\"data:image\/svg+xml,%3Csvg%20xmlns%3D&#39;http%3A%2F%2Fwww.w3.org%2F2000%2Fsvg&#39;%20viewBox%3D&#39;0%200%201200%20675&#39;%2F%3E\" data-src=\"https:\/\/mirarihotel.hr\/wp-content\/uploads\/2024\/03\/DJI_0268_DxO_ivanisevicivan.com-1-1-1200x675.webp\" data-srcset=\"https:\/\/mirarihotel.hr\/wp-content\/uploads\/2024\/03\/DJI_0268_DxO_ivanisevicivan.com-1-1-1200x675.webp 1200w\" loading=\"eager\" style=\"--ratio: 1200 \/ 675\" sizes=\"(max-width: 1200px) 100vw, 1200px\" alt=\"Mirari Hotel\" width=\"1200\" height=\"675\"  \/><span class=\"gallery-rollover\"><span class=\"gallery-zoom-ico icomoon-the7-font-the7-zoom-06\"><span><\/span><\/span><\/span><\/a><\/figure><\/div><div data-post-id=\"2758\" data-date=\"2024-03-06T16:05:14+00:00\" data-name=\"DJI_0258_DxO_ivanisevicivan.com (1)\"><figure class=\"post\"><a href=\"https:\/\/mirarihotel.hr\/wp-content\/uploads\/2024\/03\/DJI_0258_DxO_ivanisevicivan.com-1-1.webp\" class=\"rollover dt-pswp-item layzr-bg\" data-large_image_width=\"1200\" data-large_image_height=\"800\" data-dt-img-description=\"\" title=\"DJI_0258_DxO_ivanisevicivan.com (1)\"><img decoding=\"async\" class=\"preload-me owl-lazy-load aspect\" src=\"data:image\/svg+xml,%3Csvg%20xmlns%3D&#39;http%3A%2F%2Fwww.w3.org%2F2000%2Fsvg&#39;%20viewBox%3D&#39;0%200%201200%20675&#39;%2F%3E\" data-src=\"https:\/\/mirarihotel.hr\/wp-content\/uploads\/2024\/03\/DJI_0258_DxO_ivanisevicivan.com-1-1-1200x675.webp\" data-srcset=\"https:\/\/mirarihotel.hr\/wp-content\/uploads\/2024\/03\/DJI_0258_DxO_ivanisevicivan.com-1-1-1200x675.webp 1200w\" loading=\"eager\" style=\"--ratio: 1200 \/ 675\" sizes=\"(max-width: 1200px) 100vw, 1200px\" alt=\"Mirari Hotel\" width=\"1200\" height=\"675\"  \/><span class=\"gallery-rollover\"><span class=\"gallery-zoom-ico icomoon-the7-font-the7-zoom-06\"><span><\/span><\/span><\/span><\/a><\/figure><\/div><div data-post-id=\"2757\" data-date=\"2024-03-06T16:05:11+00:00\" data-name=\"_NZ76627_ivanisevicivan.com\"><figure class=\"post\"><a href=\"https:\/\/mirarihotel.hr\/wp-content\/uploads\/2024\/03\/NZ76627_ivanisevicivan.com_.webp\" class=\"rollover dt-pswp-item layzr-bg\" data-large_image_width=\"1200\" data-large_image_height=\"800\" data-dt-img-description=\"\" title=\"_NZ76627_ivanisevicivan.com\"><img decoding=\"async\" class=\"preload-me owl-lazy-load aspect\" src=\"data:image\/svg+xml,%3Csvg%20xmlns%3D&#39;http%3A%2F%2Fwww.w3.org%2F2000%2Fsvg&#39;%20viewBox%3D&#39;0%200%201200%20675&#39;%2F%3E\" data-src=\"https:\/\/mirarihotel.hr\/wp-content\/uploads\/2024\/03\/NZ76627_ivanisevicivan.com_-1200x675.webp\" data-srcset=\"https:\/\/mirarihotel.hr\/wp-content\/uploads\/2024\/03\/NZ76627_ivanisevicivan.com_-1200x675.webp 1200w\" loading=\"eager\" style=\"--ratio: 1200 \/ 675\" sizes=\"(max-width: 1200px) 100vw, 1200px\" alt=\"Mirari Hotel\" width=\"1200\" height=\"675\"  \/><span class=\"gallery-rollover\"><span class=\"gallery-zoom-ico icomoon-the7-font-the7-zoom-06\"><span><\/span><\/span><\/span><\/a><\/figure><\/div><div data-post-id=\"2756\" data-date=\"2024-03-06T16:05:08+00:00\" data-name=\"_N624055_ivanisevicivan.com (1)\"><figure class=\"post\"><a href=\"https:\/\/mirarihotel.hr\/wp-content\/uploads\/2024\/03\/N624055_ivanisevicivan.com-1.webp\" class=\"rollover dt-pswp-item layzr-bg\" data-large_image_width=\"1200\" data-large_image_height=\"800\" data-dt-img-description=\"\" title=\"_N624055_ivanisevicivan.com (1)\"><img decoding=\"async\" class=\"preload-me owl-lazy-load aspect\" src=\"data:image\/svg+xml,%3Csvg%20xmlns%3D&#39;http%3A%2F%2Fwww.w3.org%2F2000%2Fsvg&#39;%20viewBox%3D&#39;0%200%201200%20675&#39;%2F%3E\" data-src=\"https:\/\/mirarihotel.hr\/wp-content\/uploads\/2024\/03\/N624055_ivanisevicivan.com-1-1200x675.webp\" data-srcset=\"https:\/\/mirarihotel.hr\/wp-content\/uploads\/2024\/03\/N624055_ivanisevicivan.com-1-1200x675.webp 1200w\" loading=\"eager\" style=\"--ratio: 1200 \/ 675\" sizes=\"(max-width: 1200px) 100vw, 1200px\" alt=\"Mirari Hotel\" width=\"1200\" height=\"675\"  \/><span class=\"gallery-rollover\"><span class=\"gallery-zoom-ico icomoon-the7-font-the7-zoom-06\"><span><\/span><\/span><\/span><\/a><\/figure><\/div><div data-post-id=\"2755\" data-date=\"2024-03-06T16:05:05+00:00\" data-name=\"_N624051_ivanisevicivan.com (2)\"><figure class=\"post\"><a href=\"https:\/\/mirarihotel.hr\/wp-content\/uploads\/2024\/03\/N624051_ivanisevicivan.com-2.webp\" class=\"rollover dt-pswp-item layzr-bg\" data-large_image_width=\"1200\" data-large_image_height=\"800\" data-dt-img-description=\"\" title=\"_N624051_ivanisevicivan.com (2)\"><img decoding=\"async\" class=\"preload-me owl-lazy-load aspect\" src=\"data:image\/svg+xml,%3Csvg%20xmlns%3D&#39;http%3A%2F%2Fwww.w3.org%2F2000%2Fsvg&#39;%20viewBox%3D&#39;0%200%201200%20675&#39;%2F%3E\" data-src=\"https:\/\/mirarihotel.hr\/wp-content\/uploads\/2024\/03\/N624051_ivanisevicivan.com-2-1200x675.webp\" data-srcset=\"https:\/\/mirarihotel.hr\/wp-content\/uploads\/2024\/03\/N624051_ivanisevicivan.com-2-1200x675.webp 1200w\" loading=\"eager\" style=\"--ratio: 1200 \/ 675\" sizes=\"(max-width: 1200px) 100vw, 1200px\" alt=\"Mirari Hotel\" width=\"1200\" height=\"675\"  \/><span class=\"gallery-rollover\"><span class=\"gallery-zoom-ico icomoon-the7-font-the7-zoom-06\"><span><\/span><\/span><\/span><\/a><\/figure><\/div><\/div>[\/vc_column][\/vc_row]<\/p>\n<\/div>","protected":false},"excerpt":{"rendered":"<p>[vc_row full_width=&#8221;stretch_row_content_no_spaces&#8221; bg_type=&#8221;image&#8221; parallax_style=&#8221;vcpb-default&#8221; bg_image_new=&#8221;id^2536|url^https:\/\/mirarihotel.hr\/wp-content\/uploads\/2024\/03\/DJI_0268_DxO_ivanisevicivan.com-1.webp|caption^null|alt^null|title^DJI_0268_DxO_ivanisevicivan.com (1)|description^null&#8221; bg_image_repeat=&#8221;no-repeat&#8221; parallax_content=&#8221;parallax_content_value&#8221; parallax_content_sense=&#8221;1.5&#8243; css=&#8221;.vc_custom_1709741122991{margin-top: -40px !important;margin-bottom: 50px !important;padding-top: 300px !important;padding-bottom: 230px !important;}&#8221; el_class=&#8221;page_head&#8221;][vc_column offset=&#8221;vc_hidden-xs&#8221;][\/vc_column][\/vc_row][vc_row][vc_column width=&#8221;1\/6&#8243;][\/vc_column][vc_column width=&#8221;2\/3&#8243;][vc_column_text css=&#8221;&#8221;]Zavirite u raj usred grada na Mirari Rooftop, lokaciji koja pru\u017ea potpuno opu\u0161tanje. Iskusite o\u010daravaju\u0107i panoramski pogled na more iz infinity bazena i bara. Elegantna i ugodna atmosfera savr\u0161ena je za opu\u0161tanje, dok&hellip;<\/p>\n","protected":false},"author":1,"featured_media":0,"parent":0,"menu_order":0,"comment_status":"closed","ping_status":"closed","template":"","meta":{"footnotes":""},"class_list":["post-2912","page","type-page","status-publish","hentry","description-off"],"yoast_head":"<!-- This site is optimized with the Yoast SEO plugin v27.3 - https:\/\/yoast.com\/product\/yoast-seo-wordpress\/ -->\n<title>Rooftop - Hotel Mirari<\/title>\n<meta name=\"description\" content=\"Zavirite u raj usred grada na Mirari Rooftop, lokaciji koja pru\u017ea potpuno opu\u0161tanje. Iskusite o\u010daravaju\u0107i panoramski pogled na more iz infinity bazena i bara.\" \/>\n<meta name=\"robots\" content=\"index, follow, max-snippet:-1, max-image-preview:large, max-video-preview:-1\" \/>\n<link rel=\"canonical\" href=\"https:\/\/mirarihotel.hr\/hr\/rooftop\/\" \/>\n<meta property=\"og:locale\" content=\"hr_HR\" \/>\n<meta property=\"og:type\" content=\"article\" \/>\n<meta property=\"og:title\" content=\"Rooftop - Hotel Mirari\" \/>\n<meta property=\"og:description\" content=\"Zavirite u raj usred grada na Mirari Rooftop, lokaciji koja pru\u017ea potpuno opu\u0161tanje. Iskusite o\u010daravaju\u0107i panoramski pogled na more iz infinity bazena i bara.\" \/>\n<meta property=\"og:url\" content=\"https:\/\/mirarihotel.hr\/hr\/rooftop\/\" \/>\n<meta property=\"og:site_name\" content=\"Hotel Mirari\" \/>\n<meta property=\"article:modified_time\" content=\"2026-04-10T07:48:35+00:00\" \/>\n<meta name=\"twitter:card\" content=\"summary_large_image\" \/>\n<meta name=\"twitter:label1\" content=\"Procijenjeno vrijeme \u010ditanja\" \/>\n\t<meta name=\"twitter:data1\" content=\"1 minuta\" \/>\n<script type=\"application\/ld+json\" class=\"yoast-schema-graph\">{\"@context\":\"https:\\\/\\\/schema.org\",\"@graph\":[{\"@type\":\"WebPage\",\"@id\":\"https:\\\/\\\/mirarihotel.hr\\\/hr\\\/rooftop\\\/\",\"url\":\"https:\\\/\\\/mirarihotel.hr\\\/hr\\\/rooftop\\\/\",\"name\":\"Rooftop - Hotel Mirari\",\"isPartOf\":{\"@id\":\"https:\\\/\\\/mirarihotel.hr\\\/#website\"},\"datePublished\":\"2024-02-29T09:46:37+00:00\",\"dateModified\":\"2026-04-10T07:48:35+00:00\",\"description\":\"Zavirite u raj usred grada na Mirari Rooftop, lokaciji koja pru\u017ea potpuno opu\u0161tanje. Iskusite o\u010daravaju\u0107i panoramski pogled na more iz infinity bazena i bara.\",\"breadcrumb\":{\"@id\":\"https:\\\/\\\/mirarihotel.hr\\\/hr\\\/rooftop\\\/#breadcrumb\"},\"inLanguage\":\"hr\",\"potentialAction\":[{\"@type\":\"ReadAction\",\"target\":[\"https:\\\/\\\/mirarihotel.hr\\\/hr\\\/rooftop\\\/\"]}]},{\"@type\":\"BreadcrumbList\",\"@id\":\"https:\\\/\\\/mirarihotel.hr\\\/hr\\\/rooftop\\\/#breadcrumb\",\"itemListElement\":[{\"@type\":\"ListItem\",\"position\":1,\"name\":\"Home\",\"item\":\"https:\\\/\\\/mirarihotel.hr\\\/hr\\\/\"},{\"@type\":\"ListItem\",\"position\":2,\"name\":\"Rooftop\"}]},{\"@type\":\"WebSite\",\"@id\":\"https:\\\/\\\/mirarihotel.hr\\\/#website\",\"url\":\"https:\\\/\\\/mirarihotel.hr\\\/\",\"name\":\"Hotel Mirari\",\"description\":\"\",\"potentialAction\":[{\"@type\":\"SearchAction\",\"target\":{\"@type\":\"EntryPoint\",\"urlTemplate\":\"https:\\\/\\\/mirarihotel.hr\\\/?s={search_term_string}\"},\"query-input\":{\"@type\":\"PropertyValueSpecification\",\"valueRequired\":true,\"valueName\":\"search_term_string\"}}],\"inLanguage\":\"hr\"}]}<\/script>\n<!-- \/ Yoast SEO plugin. -->","yoast_head_json":{"title":"Rooftop - Hotel Mirari","description":"Zavirite u raj usred grada na Mirari Rooftop, lokaciji koja pru\u017ea potpuno opu\u0161tanje. Iskusite o\u010daravaju\u0107i panoramski pogled na more iz infinity bazena i bara.","robots":{"index":"index","follow":"follow","max-snippet":"max-snippet:-1","max-image-preview":"max-image-preview:large","max-video-preview":"max-video-preview:-1"},"canonical":"https:\/\/mirarihotel.hr\/hr\/rooftop\/","og_locale":"hr_HR","og_type":"article","og_title":"Rooftop - Hotel Mirari","og_description":"Zavirite u raj usred grada na Mirari Rooftop, lokaciji koja pru\u017ea potpuno opu\u0161tanje. Iskusite o\u010daravaju\u0107i panoramski pogled na more iz infinity bazena i bara.","og_url":"https:\/\/mirarihotel.hr\/hr\/rooftop\/","og_site_name":"Hotel Mirari","article_modified_time":"2026-04-10T07:48:35+00:00","twitter_card":"summary_large_image","twitter_misc":{"Procijenjeno vrijeme \u010ditanja":"1 minuta"},"schema":{"@context":"https:\/\/schema.org","@graph":[{"@type":"WebPage","@id":"https:\/\/mirarihotel.hr\/hr\/rooftop\/","url":"https:\/\/mirarihotel.hr\/hr\/rooftop\/","name":"Rooftop - Hotel Mirari","isPartOf":{"@id":"https:\/\/mirarihotel.hr\/#website"},"datePublished":"2024-02-29T09:46:37+00:00","dateModified":"2026-04-10T07:48:35+00:00","description":"Zavirite u raj usred grada na Mirari Rooftop, lokaciji koja pru\u017ea potpuno opu\u0161tanje. Iskusite o\u010daravaju\u0107i panoramski pogled na more iz infinity bazena i bara.","breadcrumb":{"@id":"https:\/\/mirarihotel.hr\/hr\/rooftop\/#breadcrumb"},"inLanguage":"hr","potentialAction":[{"@type":"ReadAction","target":["https:\/\/mirarihotel.hr\/hr\/rooftop\/"]}]},{"@type":"BreadcrumbList","@id":"https:\/\/mirarihotel.hr\/hr\/rooftop\/#breadcrumb","itemListElement":[{"@type":"ListItem","position":1,"name":"Home","item":"https:\/\/mirarihotel.hr\/hr\/"},{"@type":"ListItem","position":2,"name":"Rooftop"}]},{"@type":"WebSite","@id":"https:\/\/mirarihotel.hr\/#website","url":"https:\/\/mirarihotel.hr\/","name":"Hotel Mirari","description":"","potentialAction":[{"@type":"SearchAction","target":{"@type":"EntryPoint","urlTemplate":"https:\/\/mirarihotel.hr\/?s={search_term_string}"},"query-input":{"@type":"PropertyValueSpecification","valueRequired":true,"valueName":"search_term_string"}}],"inLanguage":"hr"}]}},"_links":{"self":[{"href":"https:\/\/mirarihotel.hr\/hr\/wp-json\/wp\/v2\/pages\/2912","targetHints":{"allow":["GET"]}}],"collection":[{"href":"https:\/\/mirarihotel.hr\/hr\/wp-json\/wp\/v2\/pages"}],"about":[{"href":"https:\/\/mirarihotel.hr\/hr\/wp-json\/wp\/v2\/types\/page"}],"author":[{"embeddable":true,"href":"https:\/\/mirarihotel.hr\/hr\/wp-json\/wp\/v2\/users\/1"}],"replies":[{"embeddable":true,"href":"https:\/\/mirarihotel.hr\/hr\/wp-json\/wp\/v2\/comments?post=2912"}],"version-history":[{"count":4,"href":"https:\/\/mirarihotel.hr\/hr\/wp-json\/wp\/v2\/pages\/2912\/revisions"}],"predecessor-version":[{"id":3113,"href":"https:\/\/mirarihotel.hr\/hr\/wp-json\/wp\/v2\/pages\/2912\/revisions\/3113"}],"wp:attachment":[{"href":"https:\/\/mirarihotel.hr\/hr\/wp-json\/wp\/v2\/media?parent=2912"}],"curies":[{"name":"wp","href":"https:\/\/api.w.org\/{rel}","templated":true}]}}